{"id":19,"date":"2018-10-30T22:48:37","date_gmt":"2018-10-30T22:48:37","guid":{"rendered":"http:\/\/marcius.at\/?page_id=19"},"modified":"2026-04-21T14:25:45","modified_gmt":"2026-04-21T14:25:45","slug":"home","status":"publish","type":"page","link":"https:\/\/www.marcius.at\/","title":{"rendered":"Home"},"content":{"rendered":"\t\t<div data-elementor-type=\"wp-post\" data-elementor-id=\"19\" class=\"elementor elementor-19\">\n\t\t\t\t\t\t<section class=\"elementor-section elementor-top-section elementor-element elementor-element-56b82db2 elementor-section-boxed elementor-section-height-default elementor-section-height-default\" data-id=\"56b82db2\" data-element_type=\"section\" data-e-type=\"section\">\n\t\t\t\t\t\t<div class=\"elementor-container elementor-column-gap-default\">\n\t\t\t\t\t<div class=\"elementor-column elementor-col-100 elementor-top-column elementor-element elementor-element-353b9faa\" data-id=\"353b9faa\" data-element_type=\"column\" data-e-type=\"column\">\n\t\t\t<div class=\"elementor-widget-wrap elementor-element-populated\">\n\t\t\t\t\t\t<div class=\"elementor-element elementor-element-5f891594 elementor-widget elementor-widget-text-editor\" data-id=\"5f891594\" data-element_type=\"widget\" data-e-type=\"widget\" data-widget_type=\"text-editor.default\">\n\t\t\t\t<div class=\"elementor-widget-container\">\n\t\t\t\t\t\t\t\t\t<h3>Ein herzliches Willkommen in den Alpenh\u00e4usern Marcius!<\/h3>\n<p>Entweder im Sommer oder im Winter \u00a0bieten wir Ihnen einen wundersch\u00f6nen Urlaub am Nassfeld, eines von 10 Top Skigebieten in \u00d6sterreich.<\/p>\n<p>Die Alpenh\u00e4user Marcius befinden sich in Sonnleitn, auf 1400 m S.\/h. Im Winter direkt im Skigebiet (Sonnleitn Sesselbahn) und im Sommer direkt am Nassfeld Wanderweg.<\/p>\n<p>Die Wohnungen wurden aus zusammengetragenen Original-Bauernh\u00e4usern errichtet.<br \/>Die Wohnungen, auf Selbstversorgerbasis, sind in 2 Typen aufgeteilt. Typ B. 4-6 Personen und Typ S: 4-6 Personen.<\/p>\n<p>Familien, Freunde, Gruppen, Sportler oder Genie\u00dfer, bei uns sind alle herzlich Willkommen! \u00a0Verbringen Sie Ihre Urlaubstage bei uns! Wir freuen uns, Sie, Ihre Familie und Ihre Freunde schon bald bei uns begr\u00fc\u00dfen zu d\u00fcrfen.<\/p>\n<p><strong><br \/>Unsere Tipps:<\/strong><\/p>\n<p>&#8211; \u00a0jeden morgen Semmellieferung (Bestellung an der Rezeption)<br \/>&#8211; \u00a0kostenloser Transport von der Garage bis zur Wohnung<br \/>&#8211; \u00a0Lebensmittel-Gesch\u00e4ft im Dorf<br \/>&#8211; \u00a0Skipass &#8211; Verkauf direkt an der Rezeption<br \/>&#8211;\u00a0 10% Erm\u00e4\u00dfigung auf das Essen in unserem Restaurant direkt auf der Piste<br \/>&#8211;\u00a0 Online check-in<br \/>&#8211; \u00a0Wellness in unser\u00a0<a href=\"http:\/\/www.hotel-marcius.at\/hotel-wellness.html\" target=\"_blank\" rel=\"noopener\">Hotel<\/a>\u00a0gegen Geb\u00fchr<br \/>&#8211; \u00a0Halbpension gibt es in unser\u00a0<a href=\"http:\/\/www.hotel-marcius.at\/restaurant-pizzeria.html\" target=\"_blank\" rel=\"noopener\">Hotel<\/a><br \/>&#8211;\u00a0 kostenlos WIFI\u00a0<br \/>&#8211; \u00a0Haustiere sind nicht erlaubt<\/p>\n<p><strong>F\u00fcr weitere Fragen stehen wir Ihnen gerne zur Verf\u00fcgung.\u00a0<\/strong><\/p>\n<p>Auf bald!<\/p>\n<p><iframe src=\"https:\/\/maps.google.com\/maps?q=alpenhauser%20marcius&amp;t=m&amp;z=10&amp;output=embed&amp;iwloc=near\" frameborder=\"0\" marginwidth=\"0\" marginheight=\"0\" scrolling=\"no\" aria-label=\"alpenhauser marcius\"><\/iframe><\/p>\n<p style=\"text-align: center;\">Alpenh\u00e4user Marcius &#8211; GAZE GmbH &amp; Co KG<br \/>A 9620 Nassfeld Sonnleitn &#8211; Sonnleitn 4<br \/>www.marcius.at &#8211; fewo@marcius.at &#8211; ATU 26484104<br \/>BKS Bank AG &#8211; BIC: BFKKAT2K &#8211; IBAN: AT251700000150017912<\/p>\t\t\t\t\t\t\t\t<\/div>\n\t\t\t\t<\/div>\n\t\t\t\t\t<\/div>\n\t\t<\/div>\n\t\t\t\t\t<\/div>\n\t\t<\/section>\n\t\t\t\t<\/div>\n\t\t","protected":false},"excerpt":{"rendered":"<p>Ein herzliches Willkommen in den Alpenh\u00e4usern Marcius! Entweder im Sommer oder im Winter \u00a0bieten wir Ihnen einen wundersch\u00f6nen Urlaub am Nassfeld, eines von 10 Top&#8230;<\/p>\n","protected":false},"author":1,"featured_media":15,"parent":0,"menu_order":0,"comment_status":"closed","ping_status":"closed","template":"","meta":{"_exactmetrics_skip_tracking":false,"_exactmetrics_sitenote_active":false,"_exactmetrics_sitenote_note":"","_exactmetrics_sitenote_category":0,"footnotes":""},"class_list":["post-19","page","type-page","status-publish","has-post-thumbnail","hentry"],"yoast_head":"<!-- This site is optimized with the Yoast SEO plugin v27.5 - https:\/\/yoast.com\/product\/yoast-seo-wordpress\/ -->\n<title>Home - Alpenh\u00e4user Marcius<\/title>\n<meta name=\"robots\" content=\"index, follow, max-snippet:-1, max-image-preview:large, max-video-preview:-1\" \/>\n<link rel=\"canonical\" href=\"https:\/\/www.marcius.at\/\" \/>\n<meta property=\"og:locale\" content=\"de_DE\" \/>\n<meta property=\"og:type\" content=\"article\" \/>\n<meta property=\"og:title\" content=\"Home - Alpenh\u00e4user Marcius\" \/>\n<meta property=\"og:description\" content=\"Ein herzliches Willkommen in den Alpenh\u00e4usern Marcius! Entweder im Sommer oder im Winter \u00a0bieten wir Ihnen einen wundersch\u00f6nen Urlaub am Nassfeld, eines von 10 Top...\" \/>\n<meta property=\"og:url\" content=\"https:\/\/www.marcius.at\/\" \/>\n<meta property=\"og:site_name\" content=\"Alpenh\u00e4user Marcius\" \/>\n<meta property=\"article:publisher\" content=\"http:\/\/www.facebook.com\/AlpenhauserMarcius\/\" \/>\n<meta property=\"article:modified_time\" content=\"2026-04-21T14:25:45+00:00\" \/>\n<meta property=\"og:image\" content=\"https:\/\/www.marcius.at\/wp-content\/uploads\/2018\/10\/Winter-Panorama.jpg\" \/>\n\t<meta property=\"og:image:width\" content=\"2048\" \/>\n\t<meta property=\"og:image:height\" content=\"1536\" \/>\n\t<meta property=\"og:image:type\" content=\"image\/jpeg\" \/>\n<meta name=\"twitter:card\" content=\"summary_large_image\" \/>\n<meta name=\"twitter:label1\" content=\"Gesch\u00e4tzte Lesezeit\" \/>\n\t<meta name=\"twitter:data1\" content=\"1\u00a0Minute\" \/>\n<script type=\"application\/ld+json\" class=\"yoast-schema-graph\">{\"@context\":\"https:\\\/\\\/schema.org\",\"@graph\":[{\"@type\":\"WebPage\",\"@id\":\"https:\\\/\\\/www.marcius.at\\\/\",\"url\":\"https:\\\/\\\/www.marcius.at\\\/\",\"name\":\"Home - Alpenh\u00e4user Marcius\",\"isPartOf\":{\"@id\":\"https:\\\/\\\/www.marcius.at\\\/#website\"},\"primaryImageOfPage\":{\"@id\":\"https:\\\/\\\/www.marcius.at\\\/#primaryimage\"},\"image\":{\"@id\":\"https:\\\/\\\/www.marcius.at\\\/#primaryimage\"},\"thumbnailUrl\":\"https:\\\/\\\/www.marcius.at\\\/wp-content\\\/uploads\\\/2018\\\/10\\\/Winter-Panorama.jpg\",\"datePublished\":\"2018-10-30T22:48:37+00:00\",\"dateModified\":\"2026-04-21T14:25:45+00:00\",\"breadcrumb\":{\"@id\":\"https:\\\/\\\/www.marcius.at\\\/#breadcrumb\"},\"inLanguage\":\"de\",\"potentialAction\":[{\"@type\":\"ReadAction\",\"target\":[\"https:\\\/\\\/www.marcius.at\\\/\"]}]},{\"@type\":\"ImageObject\",\"inLanguage\":\"de\",\"@id\":\"https:\\\/\\\/www.marcius.at\\\/#primaryimage\",\"url\":\"https:\\\/\\\/www.marcius.at\\\/wp-content\\\/uploads\\\/2018\\\/10\\\/Winter-Panorama.jpg\",\"contentUrl\":\"https:\\\/\\\/www.marcius.at\\\/wp-content\\\/uploads\\\/2018\\\/10\\\/Winter-Panorama.jpg\",\"width\":2048,\"height\":1536},{\"@type\":\"BreadcrumbList\",\"@id\":\"https:\\\/\\\/www.marcius.at\\\/#breadcrumb\",\"itemListElement\":[{\"@type\":\"ListItem\",\"position\":1,\"name\":\"Home\",\"item\":\"https:\\\/\\\/www.marcius.at\\\/\"},{\"@type\":\"ListItem\",\"position\":2,\"name\":\"Home\"}]},{\"@type\":\"WebSite\",\"@id\":\"https:\\\/\\\/www.marcius.at\\\/#website\",\"url\":\"https:\\\/\\\/www.marcius.at\\\/\",\"name\":\"Alpenh\u00e4user Marcius\",\"description\":\"Sonnleiten - nassfeld\",\"publisher\":{\"@id\":\"https:\\\/\\\/www.marcius.at\\\/#organization\"},\"potentialAction\":[{\"@type\":\"SearchAction\",\"target\":{\"@type\":\"EntryPoint\",\"urlTemplate\":\"https:\\\/\\\/www.marcius.at\\\/?s={search_term_string}\"},\"query-input\":{\"@type\":\"PropertyValueSpecification\",\"valueRequired\":true,\"valueName\":\"search_term_string\"}}],\"inLanguage\":\"de\"},{\"@type\":\"Organization\",\"@id\":\"https:\\\/\\\/www.marcius.at\\\/#organization\",\"name\":\"Alpenh\u00e4user Marcius\",\"url\":\"https:\\\/\\\/www.marcius.at\\\/\",\"logo\":{\"@type\":\"ImageObject\",\"inLanguage\":\"de\",\"@id\":\"https:\\\/\\\/www.marcius.at\\\/#\\\/schema\\\/logo\\\/image\\\/\",\"url\":\"https:\\\/\\\/www.marcius.at\\\/wp-content\\\/uploads\\\/2018\\\/11\\\/Alpenh\u00e4user-Marcius-Logo.png\",\"contentUrl\":\"https:\\\/\\\/www.marcius.at\\\/wp-content\\\/uploads\\\/2018\\\/11\\\/Alpenh\u00e4user-Marcius-Logo.png\",\"width\":580,\"height\":588,\"caption\":\"Alpenh\u00e4user Marcius\"},\"image\":{\"@id\":\"https:\\\/\\\/www.marcius.at\\\/#\\\/schema\\\/logo\\\/image\\\/\"},\"sameAs\":[\"http:\\\/\\\/www.facebook.com\\\/AlpenhauserMarcius\\\/\"]}]}<\/script>\n<!-- \/ Yoast SEO plugin. -->","yoast_head_json":{"title":"Home - Alpenh\u00e4user Marcius","robots":{"index":"index","follow":"follow","max-snippet":"max-snippet:-1","max-image-preview":"max-image-preview:large","max-video-preview":"max-video-preview:-1"},"canonical":"https:\/\/www.marcius.at\/","og_locale":"de_DE","og_type":"article","og_title":"Home - Alpenh\u00e4user Marcius","og_description":"Ein herzliches Willkommen in den Alpenh\u00e4usern Marcius! Entweder im Sommer oder im Winter \u00a0bieten wir Ihnen einen wundersch\u00f6nen Urlaub am Nassfeld, eines von 10 Top...","og_url":"https:\/\/www.marcius.at\/","og_site_name":"Alpenh\u00e4user Marcius","article_publisher":"http:\/\/www.facebook.com\/AlpenhauserMarcius\/","article_modified_time":"2026-04-21T14:25:45+00:00","og_image":[{"width":2048,"height":1536,"url":"https:\/\/www.marcius.at\/wp-content\/uploads\/2018\/10\/Winter-Panorama.jpg","type":"image\/jpeg"}],"twitter_card":"summary_large_image","twitter_misc":{"Gesch\u00e4tzte Lesezeit":"1\u00a0Minute"},"schema":{"@context":"https:\/\/schema.org","@graph":[{"@type":"WebPage","@id":"https:\/\/www.marcius.at\/","url":"https:\/\/www.marcius.at\/","name":"Home - Alpenh\u00e4user Marcius","isPartOf":{"@id":"https:\/\/www.marcius.at\/#website"},"primaryImageOfPage":{"@id":"https:\/\/www.marcius.at\/#primaryimage"},"image":{"@id":"https:\/\/www.marcius.at\/#primaryimage"},"thumbnailUrl":"https:\/\/www.marcius.at\/wp-content\/uploads\/2018\/10\/Winter-Panorama.jpg","datePublished":"2018-10-30T22:48:37+00:00","dateModified":"2026-04-21T14:25:45+00:00","breadcrumb":{"@id":"https:\/\/www.marcius.at\/#breadcrumb"},"inLanguage":"de","potentialAction":[{"@type":"ReadAction","target":["https:\/\/www.marcius.at\/"]}]},{"@type":"ImageObject","inLanguage":"de","@id":"https:\/\/www.marcius.at\/#primaryimage","url":"https:\/\/www.marcius.at\/wp-content\/uploads\/2018\/10\/Winter-Panorama.jpg","contentUrl":"https:\/\/www.marcius.at\/wp-content\/uploads\/2018\/10\/Winter-Panorama.jpg","width":2048,"height":1536},{"@type":"BreadcrumbList","@id":"https:\/\/www.marcius.at\/#breadcrumb","itemListElement":[{"@type":"ListItem","position":1,"name":"Home","item":"https:\/\/www.marcius.at\/"},{"@type":"ListItem","position":2,"name":"Home"}]},{"@type":"WebSite","@id":"https:\/\/www.marcius.at\/#website","url":"https:\/\/www.marcius.at\/","name":"Alpenh\u00e4user Marcius","description":"Sonnleiten - nassfeld","publisher":{"@id":"https:\/\/www.marcius.at\/#organization"},"potentialAction":[{"@type":"SearchAction","target":{"@type":"EntryPoint","urlTemplate":"https:\/\/www.marcius.at\/?s={search_term_string}"},"query-input":{"@type":"PropertyValueSpecification","valueRequired":true,"valueName":"search_term_string"}}],"inLanguage":"de"},{"@type":"Organization","@id":"https:\/\/www.marcius.at\/#organization","name":"Alpenh\u00e4user Marcius","url":"https:\/\/www.marcius.at\/","logo":{"@type":"ImageObject","inLanguage":"de","@id":"https:\/\/www.marcius.at\/#\/schema\/logo\/image\/","url":"https:\/\/www.marcius.at\/wp-content\/uploads\/2018\/11\/Alpenh\u00e4user-Marcius-Logo.png","contentUrl":"https:\/\/www.marcius.at\/wp-content\/uploads\/2018\/11\/Alpenh\u00e4user-Marcius-Logo.png","width":580,"height":588,"caption":"Alpenh\u00e4user Marcius"},"image":{"@id":"https:\/\/www.marcius.at\/#\/schema\/logo\/image\/"},"sameAs":["http:\/\/www.facebook.com\/AlpenhauserMarcius\/"]}]}},"_links":{"self":[{"href":"https:\/\/www.marcius.at\/index.php\/wp-json\/wp\/v2\/pages\/19","targetHints":{"allow":["GET"]}}],"collection":[{"href":"https:\/\/www.marcius.at\/index.php\/wp-json\/wp\/v2\/pages"}],"about":[{"href":"https:\/\/www.marcius.at\/index.php\/wp-json\/wp\/v2\/types\/page"}],"author":[{"embeddable":true,"href":"https:\/\/www.marcius.at\/index.php\/wp-json\/wp\/v2\/users\/1"}],"replies":[{"embeddable":true,"href":"https:\/\/www.marcius.at\/index.php\/wp-json\/wp\/v2\/comments?post=19"}],"version-history":[{"count":33,"href":"https:\/\/www.marcius.at\/index.php\/wp-json\/wp\/v2\/pages\/19\/revisions"}],"predecessor-version":[{"id":620,"href":"https:\/\/www.marcius.at\/index.php\/wp-json\/wp\/v2\/pages\/19\/revisions\/620"}],"wp:featuredmedia":[{"embeddable":true,"href":"https:\/\/www.marcius.at\/index.php\/wp-json\/wp\/v2\/media\/15"}],"wp:attachment":[{"href":"https:\/\/www.marcius.at\/index.php\/wp-json\/wp\/v2\/media?parent=19"}],"curies":[{"name":"wp","href":"https:\/\/api.w.org\/{rel}","templated":true}]}}